{"id":180,"date":"2024-03-11T07:24:29","date_gmt":"2024-03-11T07:24:29","guid":{"rendered":"http:\/\/staging-schuh.mediaconzeption.de\/?page_id=180"},"modified":"2024-06-27T08:54:40","modified_gmt":"2024-06-27T06:54:40","slug":"confiserie-patisserie","status":"publish","type":"page","link":"https:\/\/schuh-interlaken.ch\/en\/confiserie-patisserie\/","title":{"rendered":"Confiserie &amp; Patisserie"},"content":{"rendered":"<div data-elementor-type=\"wp-page\" data-elementor-id=\"180\" class=\"elementor elementor-180\" data-elementor-post-type=\"page\">\n\t\t\t\t\t\t<section class=\"elementor-section elementor-top-section elementor-element elementor-element-571b8d39 elementor-section-full_width elementor-section-height-default elementor-section-height-default\" data-id=\"571b8d39\" data-element_type=\"section\" data-e-type=\"section\">\n\t\t\t\t\t\t<div class=\"elementor-container elementor-column-gap-default\">\n\t\t\t\t\t<div class=\"elementor-column elementor-col-100 elementor-top-column elementor-element elementor-element-42f6f30d\" data-id=\"42f6f30d\" data-element_type=\"column\" data-e-type=\"column\" data-settings=\"{&quot;background_background&quot;:&quot;classic&quot;}\">\n\t\t\t<div class=\"elementor-widget-wrap elementor-element-populated\">\n\t\t\t\t\t<div class=\"elementor-background-overlay\"><\/div>\n\t\t\t\t\t\t<section class=\"elementor-section elementor-inner-section elementor-element elementor-element-23828118 elementor-section-boxed elementor-section-height-default elementor-section-height-default\" data-id=\"23828118\" data-element_type=\"section\" data-e-type=\"section\">\n\t\t\t\t\t\t<div class=\"elementor-container elementor-column-gap-default\">\n\t\t\t\t\t<div class=\"elementor-column elementor-col-100 elementor-inner-column elementor-element elementor-element-467c4ff\" data-id=\"467c4ff\" data-element_type=\"column\" data-e-type=\"column\" data-settings=\"{&quot;background_background&quot;:&quot;classic&quot;}\">\n\t\t\t<div class=\"elementor-widget-wrap elementor-element-populated\">\n\t\t\t\t\t\t<div class=\"elementor-element elementor-element-4d80cdf3 elementor-invisible elementor-widget elementor-widget-heading\" data-id=\"4d80cdf3\" data-element_type=\"widget\" data-e-type=\"widget\" data-settings=\"{&quot;_animation&quot;:&quot;fadeInUp&quot;}\" data-widget_type=\"heading.default\">\n\t\t\t\t<div class=\"elementor-widget-container\">\n\t\t\t\t\t<p class=\"elementor-heading-title elementor-size-default\">Feinste Zutaten &amp;  echte Hingabe<\/p>\t\t\t\t<\/div>\n\t\t\t\t<\/div>\n\t\t\t\t<div class=\"elementor-element elementor-element-42912de elementor-invisible elementor-widget elementor-widget-heading\" data-id=\"42912de\" data-element_type=\"widget\" data-e-type=\"widget\" data-settings=\"{&quot;_animation&quot;:&quot;fadeInUp&quot;}\" data-widget_type=\"heading.default\">\n\t\t\t\t<div class=\"elementor-widget-container\">\n\t\t\t\t\t<h1 class=\"elementor-heading-title elementor-size-default\">Confiserie &amp; Patisserie<\/h1>\t\t\t\t<\/div>\n\t\t\t\t<\/div>\n\t\t\t\t\t<\/div>\n\t\t<\/div>\n\t\t\t\t\t<\/div>\n\t\t<\/section>\n\t\t\t\t\t<\/div>\n\t\t<\/div>\n\t\t\t\t\t<\/div>\n\t\t<\/section>\n\t\t\t\t<section class=\"elementor-section elementor-top-section elementor-element elementor-element-47652e9d elementor-section-content-middle elementor-section-boxed elementor-section-height-default elementor-section-height-default\" data-id=\"47652e9d\" data-element_type=\"section\" data-e-type=\"section\" data-settings=\"{&quot;background_background&quot;:&quot;classic&quot;}\">\n\t\t\t\t\t\t\t<div class=\"elementor-background-overlay\"><\/div>\n\t\t\t\t\t\t\t<div class=\"elementor-container elementor-column-gap-default\">\n\t\t\t\t\t<div class=\"elementor-column elementor-col-50 elementor-top-column elementor-element elementor-element-50c45001 elementor-invisible\" data-id=\"50c45001\" data-element_type=\"column\" data-e-type=\"column\" data-settings=\"{&quot;animation&quot;:&quot;fadeInLeft&quot;}\">\n\t\t\t<div class=\"elementor-widget-wrap elementor-element-populated\">\n\t\t\t\t\t\t<div class=\"elementor-element elementor-element-659365d7 elementor-widget elementor-widget-heading\" data-id=\"659365d7\" data-element_type=\"widget\" data-e-type=\"widget\" data-widget_type=\"heading.default\">\n\t\t\t\t<div class=\"elementor-widget-container\">\n\t\t\t\t\t<h6 class=\"elementor-heading-title elementor-size-default\">Sweet temptations<\/h6>\t\t\t\t<\/div>\n\t\t\t\t<\/div>\n\t\t\t\t<div class=\"elementor-element elementor-element-38436780 elementor-widget elementor-widget-heading\" data-id=\"38436780\" data-element_type=\"widget\" data-e-type=\"widget\" data-widget_type=\"heading.default\">\n\t\t\t\t<div class=\"elementor-widget-container\">\n\t\t\t\t\t<h2 class=\"elementor-heading-title elementor-size-default\">Handmade delicacies<\/h2>\t\t\t\t<\/div>\n\t\t\t\t<\/div>\n\t\t\t\t<div class=\"elementor-element elementor-element-2d9b58 elementor-widget elementor-widget-spacer\" data-id=\"2d9b58\" data-element_type=\"widget\" data-e-type=\"widget\" data-widget_type=\"spacer.default\">\n\t\t\t\t<div class=\"elementor-widget-container\">\n\t\t\t\t\t\t\t<div class=\"elementor-spacer\">\n\t\t\t<div class=\"elementor-spacer-inner\"><\/div>\n\t\t<\/div>\n\t\t\t\t\t\t<\/div>\n\t\t\t\t<\/div>\n\t\t\t\t<div class=\"elementor-element elementor-element-467c014 elementor-widget elementor-widget-text-editor\" data-id=\"467c014\" data-element_type=\"widget\" data-e-type=\"widget\" data-widget_type=\"text-editor.default\">\n\t\t\t\t<div class=\"elementor-widget-container\">\n\t\t\t\t\t\t\t\t\t<p>Since the end of the 19th century, Schuh chocolate has stood for the finest ingredients, sophisticated recipes and genuine dedication.<br>This tradition has been preserved and is still internationally known and loved today. You will find shoe chocolate in various flavors and shapes, delicious cakes, homemade ice cream and much more for direct consumption on site, as a gift or as a souvenir from your trip. Find out more about our chocolate and desserts and visit us at H\u00f6hematte in the center of Interlaken.<\/p>\t\t\t\t\t\t\t\t<\/div>\n\t\t\t\t<\/div>\n\t\t\t\t\t<\/div>\n\t\t<\/div>\n\t\t\t\t<div class=\"elementor-column elementor-col-50 elementor-top-column elementor-element elementor-element-70fac50a\" data-id=\"70fac50a\" data-element_type=\"column\" data-e-type=\"column\">\n\t\t\t<div class=\"elementor-widget-wrap elementor-element-populated\">\n\t\t\t\t\t\t<section class=\"elementor-section elementor-inner-section elementor-element elementor-element-54f8d77c elementor-section-boxed elementor-section-height-default elementor-section-height-default\" data-id=\"54f8d77c\" data-element_type=\"section\" data-e-type=\"section\">\n\t\t\t\t\t\t<div class=\"elementor-container elementor-column-gap-default\">\n\t\t\t\t\t<div class=\"elementor-column elementor-col-50 elementor-inner-column elementor-element elementor-element-497f70c5 elementor-invisible\" data-id=\"497f70c5\" data-element_type=\"column\" data-e-type=\"column\" data-settings=\"{&quot;animation&quot;:&quot;fadeInUp&quot;}\">\n\t\t\t<div class=\"elementor-widget-wrap elementor-element-populated\">\n\t\t\t\t\t\t<div class=\"elementor-element elementor-element-5dccd7cd elementor-widget elementor-widget-image\" data-id=\"5dccd7cd\" data-element_type=\"widget\" data-e-type=\"widget\" data-widget_type=\"image.default\">\n\t\t\t\t<div class=\"elementor-widget-container\">\n\t\t\t\t\t\t\t\t\t\t\t\t\t\t\t<img fetchpriority=\"high\" decoding=\"async\" width=\"1440\" height=\"2560\" src=\"https:\/\/schuh-interlaken.ch\/wp-content\/uploads\/2024\/05\/1-1-41-scaled.jpg\" class=\"attachment-full size-full wp-image-507\" alt=\"1 1 41\" srcset=\"https:\/\/schuh-interlaken.ch\/wp-content\/uploads\/2024\/05\/1-1-41-scaled.jpg 1440w, https:\/\/schuh-interlaken.ch\/wp-content\/uploads\/2024\/05\/1-1-41-169x300.jpg 169w, https:\/\/schuh-interlaken.ch\/wp-content\/uploads\/2024\/05\/1-1-41-576x1024.jpg 576w, https:\/\/schuh-interlaken.ch\/wp-content\/uploads\/2024\/05\/1-1-41-768x1365.jpg 768w, https:\/\/schuh-interlaken.ch\/wp-content\/uploads\/2024\/05\/1-1-41-864x1536.jpg 864w, https:\/\/schuh-interlaken.ch\/wp-content\/uploads\/2024\/05\/1-1-41-1152x2048.jpg 1152w\" sizes=\"(max-width: 1440px) 100vw, 1440px\" \/>\t\t\t\t\t\t\t\t\t\t\t\t\t\t\t<\/div>\n\t\t\t\t<\/div>\n\t\t\t\t\t<\/div>\n\t\t<\/div>\n\t\t\t\t<div class=\"elementor-column elementor-col-50 elementor-inner-column elementor-element elementor-element-fd4c1eb elementor-invisible\" data-id=\"fd4c1eb\" data-element_type=\"column\" data-e-type=\"column\" data-settings=\"{&quot;animation&quot;:&quot;fadeInDown&quot;}\">\n\t\t\t<div class=\"elementor-widget-wrap elementor-element-populated\">\n\t\t\t\t\t\t<div class=\"elementor-element elementor-element-71bf5880 elementor-widget elementor-widget-image\" data-id=\"71bf5880\" data-element_type=\"widget\" data-e-type=\"widget\" data-widget_type=\"image.default\">\n\t\t\t\t<div class=\"elementor-widget-container\">\n\t\t\t\t\t\t\t\t\t\t\t\t\t\t\t<img decoding=\"async\" width=\"1922\" height=\"2560\" src=\"https:\/\/schuh-interlaken.ch\/wp-content\/uploads\/2024\/05\/1-1-47-scaled.jpg\" class=\"attachment-full size-full wp-image-508\" alt=\"1 1 47\" srcset=\"https:\/\/schuh-interlaken.ch\/wp-content\/uploads\/2024\/05\/1-1-47-scaled.jpg 1922w, https:\/\/schuh-interlaken.ch\/wp-content\/uploads\/2024\/05\/1-1-47-225x300.jpg 225w, https:\/\/schuh-interlaken.ch\/wp-content\/uploads\/2024\/05\/1-1-47-769x1024.jpg 769w, https:\/\/schuh-interlaken.ch\/wp-content\/uploads\/2024\/05\/1-1-47-768x1023.jpg 768w, https:\/\/schuh-interlaken.ch\/wp-content\/uploads\/2024\/05\/1-1-47-1153x1536.jpg 1153w, https:\/\/schuh-interlaken.ch\/wp-content\/uploads\/2024\/05\/1-1-47-1537x2048.jpg 1537w\" sizes=\"(max-width: 1922px) 100vw, 1922px\" \/>\t\t\t\t\t\t\t\t\t\t\t\t\t\t\t<\/div>\n\t\t\t\t<\/div>\n\t\t\t\t\t<\/div>\n\t\t<\/div>\n\t\t\t\t\t<\/div>\n\t\t<\/section>\n\t\t\t\t\t<\/div>\n\t\t<\/div>\n\t\t\t\t\t<\/div>\n\t\t<\/section>\n\t\t\t\t<section class=\"elementor-section elementor-top-section elementor-element elementor-element-6769bb45 elementor-section-boxed elementor-section-height-default elementor-section-height-default\" data-id=\"6769bb45\" data-element_type=\"section\" data-e-type=\"section\" data-settings=\"{&quot;background_background&quot;:&quot;classic&quot;}\">\n\t\t\t\t\t\t\t<div class=\"elementor-background-overlay\"><\/div>\n\t\t\t\t\t\t\t<div class=\"elementor-container elementor-column-gap-default\">\n\t\t\t\t\t<div class=\"elementor-column elementor-col-50 elementor-top-column elementor-element elementor-element-33c2a7ca\" data-id=\"33c2a7ca\" data-element_type=\"column\" data-e-type=\"column\">\n\t\t\t<div class=\"elementor-widget-wrap elementor-element-populated\">\n\t\t\t\t\t\t<div class=\"elementor-element elementor-element-521dd11b elementor-widget elementor-widget-image\" data-id=\"521dd11b\" data-element_type=\"widget\" data-e-type=\"widget\" data-widget_type=\"image.default\">\n\t\t\t\t<div class=\"elementor-widget-container\">\n\t\t\t\t\t\t\t\t\t\t\t\t\t\t\t<img decoding=\"async\" width=\"620\" height=\"700\" src=\"https:\/\/schuh-interlaken.ch\/wp-content\/uploads\/2024\/05\/Kleiner-Schoko-Igel-individuelle-Schokoladenprodukte.jpg\" class=\"attachment-large size-large wp-image-374\" alt=\"Kleiner Schoko Igel individuelle Schokoladenprodukte\" srcset=\"https:\/\/schuh-interlaken.ch\/wp-content\/uploads\/2024\/05\/Kleiner-Schoko-Igel-individuelle-Schokoladenprodukte.jpg 620w, https:\/\/schuh-interlaken.ch\/wp-content\/uploads\/2024\/05\/Kleiner-Schoko-Igel-individuelle-Schokoladenprodukte-266x300.jpg 266w\" sizes=\"(max-width: 620px) 100vw, 620px\" \/>\t\t\t\t\t\t\t\t\t\t\t\t\t\t\t<\/div>\n\t\t\t\t<\/div>\n\t\t\t\t\t<\/div>\n\t\t<\/div>\n\t\t\t\t<div class=\"elementor-column elementor-col-50 elementor-top-column elementor-element elementor-element-1b3faa13 elementor-invisible\" data-id=\"1b3faa13\" data-element_type=\"column\" data-e-type=\"column\" data-settings=\"{&quot;animation&quot;:&quot;fadeInUp&quot;}\">\n\t\t\t<div class=\"elementor-widget-wrap elementor-element-populated\">\n\t\t\t\t\t\t<div class=\"elementor-element elementor-element-238183fb elementor-widget elementor-widget-heading\" data-id=\"238183fb\" data-element_type=\"widget\" data-e-type=\"widget\" data-widget_type=\"heading.default\">\n\t\t\t\t<div class=\"elementor-widget-container\">\n\t\t\t\t\t<h2 class=\"elementor-heading-title elementor-size-default\">Individual chocolate products<\/h2>\t\t\t\t<\/div>\n\t\t\t\t<\/div>\n\t\t\t\t<div class=\"elementor-element elementor-element-19606aac elementor-widget elementor-widget-text-editor\" data-id=\"19606aac\" data-element_type=\"widget\" data-e-type=\"widget\" data-widget_type=\"text-editor.default\">\n\t\t\t\t<div class=\"elementor-widget-container\">\n\t\t\t\t\t\t\t\t\t<p>We are there for you and support your event with the best quality and individual chocolate products. Whether a company, association or club event, general meeting, business dinner, birthday, engagement or wedding celebration, the Schuh chocolatiers will surprise your guests according to your wishes. Talk to us about your wishes. We will be happy to help you with the flavor composition, the required quantities and the shapes you desire.<\/p>\t\t\t\t\t\t\t\t<\/div>\n\t\t\t\t<\/div>\n\t\t\t\t\t<\/div>\n\t\t<\/div>\n\t\t\t\t\t<\/div>\n\t\t<\/section>\n\t\t\t\t<section class=\"elementor-section elementor-top-section elementor-element elementor-element-1600ac8d elementor-section-content-middle elementor-section-boxed elementor-section-height-default elementor-section-height-default\" data-id=\"1600ac8d\" data-element_type=\"section\" data-e-type=\"section\" data-settings=\"{&quot;background_background&quot;:&quot;classic&quot;}\">\n\t\t\t\t\t\t\t<div class=\"elementor-background-overlay\"><\/div>\n\t\t\t\t\t\t\t<div class=\"elementor-container elementor-column-gap-default\">\n\t\t\t\t\t<div class=\"elementor-column elementor-col-50 elementor-top-column elementor-element elementor-element-599ce992 elementor-invisible\" data-id=\"599ce992\" data-element_type=\"column\" data-e-type=\"column\" data-settings=\"{&quot;animation&quot;:&quot;fadeInLeft&quot;}\">\n\t\t\t<div class=\"elementor-widget-wrap elementor-element-populated\">\n\t\t\t\t\t\t<div class=\"elementor-element elementor-element-2ac260a1 elementor-widget elementor-widget-heading\" data-id=\"2ac260a1\" data-element_type=\"widget\" data-e-type=\"widget\" data-widget_type=\"heading.default\">\n\t\t\t\t<div class=\"elementor-widget-container\">\n\t\t\t\t\t<h6 class=\"elementor-heading-title elementor-size-default\">Konfiserie &amp; Torten<\/h6>\t\t\t\t<\/div>\n\t\t\t\t<\/div>\n\t\t\t\t<div class=\"elementor-element elementor-element-38239013 elementor-widget elementor-widget-heading\" data-id=\"38239013\" data-element_type=\"widget\" data-e-type=\"widget\" data-widget_type=\"heading.default\">\n\t\t\t\t<div class=\"elementor-widget-container\">\n\t\t\t\t\t<h2 class=\"elementor-heading-title elementor-size-default\">Sweet masterpieces<\/h2>\t\t\t\t<\/div>\n\t\t\t\t<\/div>\n\t\t\t\t<div class=\"elementor-element elementor-element-6ecf1376 elementor-widget elementor-widget-spacer\" data-id=\"6ecf1376\" data-element_type=\"widget\" data-e-type=\"widget\" data-widget_type=\"spacer.default\">\n\t\t\t\t<div class=\"elementor-widget-container\">\n\t\t\t\t\t\t\t<div class=\"elementor-spacer\">\n\t\t\t<div class=\"elementor-spacer-inner\"><\/div>\n\t\t<\/div>\n\t\t\t\t\t\t<\/div>\n\t\t\t\t<\/div>\n\t\t\t\t<div class=\"elementor-element elementor-element-19179f44 elementor-widget elementor-widget-text-editor\" data-id=\"19179f44\" data-element_type=\"widget\" data-e-type=\"widget\" data-widget_type=\"text-editor.default\">\n\t\t\t\t<div class=\"elementor-widget-container\">\n\t\t\t\t\t\t\t\t\t<p>Luxury treats \u00e0 la Schuh. Our pastries and confectionery are made by hand, and of course we also have a wide range of delicacies: cakes, pies, petit fours, patisserie. The best thing to do is visit us and let us convince you of our quality and tempt you with our delicious confectionery.<\/p><p>We will be happy to sweeten your special day with our wedding cakes and specialty cakes. Please contact us for details.<\/p>\t\t\t\t\t\t\t\t<\/div>\n\t\t\t\t<\/div>\n\t\t\t\t<div class=\"elementor-element elementor-element-6d38dff3 elementor-widget elementor-widget-spacer\" data-id=\"6d38dff3\" data-element_type=\"widget\" data-e-type=\"widget\" data-widget_type=\"spacer.default\">\n\t\t\t\t<div class=\"elementor-widget-container\">\n\t\t\t\t\t\t\t<div class=\"elementor-spacer\">\n\t\t\t<div class=\"elementor-spacer-inner\"><\/div>\n\t\t<\/div>\n\t\t\t\t\t\t<\/div>\n\t\t\t\t<\/div>\n\t\t\t\t<div class=\"elementor-element elementor-element-c4b0d01 elementor-widget elementor-widget-button\" data-id=\"c4b0d01\" data-element_type=\"widget\" data-e-type=\"widget\" data-widget_type=\"button.default\">\n\t\t\t\t<div class=\"elementor-widget-container\">\n\t\t\t\t\t\t\t\t\t<div class=\"elementor-button-wrapper\">\n\t\t\t\t\t<a class=\"elementor-button elementor-button-link elementor-size-md\" href=\"#elementor-action%3Aaction%3Dpopup%3Aopen%26settings%3DeyJpZCI6IjY2OSIsInRvZ2dsZSI6ZmFsc2V9\">\n\t\t\t\t\t\t<span class=\"elementor-button-content-wrapper\">\n\t\t\t\t\t\t\t\t\t<span class=\"elementor-button-text\">Request an offer<\/span>\n\t\t\t\t\t<\/span>\n\t\t\t\t\t<\/a>\n\t\t\t\t<\/div>\n\t\t\t\t\t\t\t\t<\/div>\n\t\t\t\t<\/div>\n\t\t\t\t\t<\/div>\n\t\t<\/div>\n\t\t\t\t<div class=\"elementor-column elementor-col-50 elementor-top-column elementor-element elementor-element-55703c3e\" data-id=\"55703c3e\" data-element_type=\"column\" data-e-type=\"column\" data-settings=\"{&quot;background_background&quot;:&quot;classic&quot;}\">\n\t\t\t<div class=\"elementor-widget-wrap\">\n\t\t\t\t\t\t\t<\/div>\n\t\t<\/div>\n\t\t\t\t\t<\/div>\n\t\t<\/section>\n\t\t\t\t<\/div>","protected":false},"excerpt":{"rendered":"<p>Feinste Zutaten &#038; echte Hingabe S\u00fcsse Versuchungen Handgemachte K\u00f6stlichkeiten Seit Ende des 19. Jahrhunderts steht die Schokolade des Schuh f\u00fcr feinste Zutaten, ausgekl\u00fcgelte Rezepte und echte Hingabe.Diese Tradition ist erhalten geblieben und bis heute international bekannt und geliebt. Sie finden die Schuh-Schokolade in verschiedenen Geschmacksrichtungen und Formen, leckere Torten, selbstgemachtes Eis und vieles mehr f\u00fcr [&hellip;]<\/p>\n","protected":false},"author":1,"featured_media":0,"parent":0,"menu_order":0,"comment_status":"closed","ping_status":"closed","template":"elementor_header_footer","meta":{"footnotes":""},"class_list":["post-180","page","type-page","status-publish","hentry"],"_links":{"self":[{"href":"https:\/\/schuh-interlaken.ch\/en\/wp-json\/wp\/v2\/pages\/180","targetHints":{"allow":["GET"]}}],"collection":[{"href":"https:\/\/schuh-interlaken.ch\/en\/wp-json\/wp\/v2\/pages"}],"about":[{"href":"https:\/\/schuh-interlaken.ch\/en\/wp-json\/wp\/v2\/types\/page"}],"author":[{"embeddable":true,"href":"https:\/\/schuh-interlaken.ch\/en\/wp-json\/wp\/v2\/users\/1"}],"replies":[{"embeddable":true,"href":"https:\/\/schuh-interlaken.ch\/en\/wp-json\/wp\/v2\/comments?post=180"}],"version-history":[{"count":5,"href":"https:\/\/schuh-interlaken.ch\/en\/wp-json\/wp\/v2\/pages\/180\/revisions"}],"predecessor-version":[{"id":792,"href":"https:\/\/schuh-interlaken.ch\/en\/wp-json\/wp\/v2\/pages\/180\/revisions\/792"}],"wp:attachment":[{"href":"https:\/\/schuh-interlaken.ch\/en\/wp-json\/wp\/v2\/media?parent=180"}],"curies":[{"name":"wp","href":"https:\/\/api.w.org\/{rel}","templated":true}]}}