{"id":605,"date":"2024-06-11T06:59:45","date_gmt":"2024-06-11T06:59:45","guid":{"rendered":"http:\/\/staging-schuh.mediaconzeption.de\/?page_id=605"},"modified":"2024-06-19T12:42:47","modified_gmt":"2024-06-19T12:42:47","slug":"impressum","status":"publish","type":"page","link":"https:\/\/schuh-interlaken.ch\/en\/impressum\/","title":{"rendered":"Imprint"},"content":{"rendered":"<div data-elementor-type=\"wp-page\" data-elementor-id=\"605\" class=\"elementor elementor-605\" data-elementor-post-type=\"page\">\n\t\t\t\t<div class=\"elementor-element elementor-element-7b5541f e-flex e-con-boxed e-con e-parent\" data-id=\"7b5541f\" data-element_type=\"container\" data-e-type=\"container\">\n\t\t\t\t\t<div class=\"e-con-inner\">\n\t\t\t\t<div class=\"elementor-element elementor-element-36b155e elementor-widget elementor-widget-spacer\" data-id=\"36b155e\" data-element_type=\"widget\" data-e-type=\"widget\" data-widget_type=\"spacer.default\">\n\t\t\t\t<div class=\"elementor-widget-container\">\n\t\t\t\t\t\t\t<div class=\"elementor-spacer\">\n\t\t\t<div class=\"elementor-spacer-inner\"><\/div>\n\t\t<\/div>\n\t\t\t\t\t\t<\/div>\n\t\t\t\t<\/div>\n\t\t\t\t<div class=\"elementor-element elementor-element-b8bbfe3 elementor-widget elementor-widget-heading\" data-id=\"b8bbfe3\" data-element_type=\"widget\" data-e-type=\"widget\" data-widget_type=\"heading.default\">\n\t\t\t\t<div class=\"elementor-widget-container\">\n\t\t\t\t\t<h1 class=\"elementor-heading-title elementor-size-default\">Imprint<\/h1>\t\t\t\t<\/div>\n\t\t\t\t<\/div>\n\t\t\t\t\t<\/div>\n\t\t\t\t<\/div>\n\t\t<div class=\"elementor-element elementor-element-c08fef1 e-flex e-con-boxed e-con e-parent\" data-id=\"c08fef1\" data-element_type=\"container\" data-e-type=\"container\">\n\t\t\t\t\t<div class=\"e-con-inner\">\n\t\t\t\t<div class=\"elementor-element elementor-element-d2b2c9c elementor-widget elementor-widget-text-editor\" data-id=\"d2b2c9c\" data-element_type=\"widget\" data-e-type=\"widget\" data-widget_type=\"text-editor.default\">\n\t\t\t\t<div class=\"elementor-widget-container\">\n\t\t\t\t\t\t\t\t\t<div class=\"content-generator-output\"><b>Responsible authority:<\/b><br \/>Lebang Gastro AG<br \/>H\u00f6heweg 56<br \/>3800 Interlaken<br \/>Schweiz<br \/><strong>E-Mail<\/strong>: info@schuh-interlaken.ch<br \/><br \/><strong>Authorized representatives<\/strong><br \/>Thomas Michel - Managing Director<br \/>Simon Schild - Deputy Managing Director<br \/>Franz Amacher - Chef de cuisine<br \/><br \/><strong>Name of the company<\/strong>: Lebang Gastro AG<br \/><strong>Registration number<\/strong>: CH-092.3.016.166-8<br \/><strong>VAT identification number<\/strong>: CHE-110.208.117 MWST<br \/><br \/><strong>Disclaimer<\/strong><br \/>The author assumes no liability for the correctness, accuracy, up-to-dateness, reliability and completeness of the information.<br \/>Liability claims against the author for damages of a material or immaterial nature arising from access to or use or non-use of the published information, through misuse of the connection or through technical faults are excluded.<br \/><br \/>All offers are subject to change. The author expressly reserves the right to change, supplement or delete parts of the pages or the entire offer without prior notice or to cease publication temporarily or permanently.<br \/><br \/><strong>Disclaimer for content and links<\/strong><br \/>References and links to third-party websites are outside our area of responsibility. Any responsibility for such websites is rejected. Access to and use of such websites is at the user's own risk.<br \/><br \/><strong>Declaration of copyright<\/strong><br \/>The copyright and all other rights to content, images, photos or other files on this website belong exclusively to Lebang Gastro AG or the specifically named rights holders. The written consent of the copyright holder must be obtained in advance for the reproduction of any elements.<br \/><br \/><strong>Source<\/strong>: <a style=\"color: inherit; text-decoration: none;\" href=\"https:\/\/brainbox.swiss\/\" target=\"_blank\" rel=\"noopener\">BrainBox Solutions<\/a><\/div>\t\t\t\t\t\t\t\t<\/div>\n\t\t\t\t<\/div>\n\t\t\t\t<div class=\"elementor-element elementor-element-ad2c95d elementor-widget elementor-widget-spacer\" data-id=\"ad2c95d\" data-element_type=\"widget\" data-e-type=\"widget\" data-widget_type=\"spacer.default\">\n\t\t\t\t<div class=\"elementor-widget-container\">\n\t\t\t\t\t\t\t<div class=\"elementor-spacer\">\n\t\t\t<div class=\"elementor-spacer-inner\"><\/div>\n\t\t<\/div>\n\t\t\t\t\t\t<\/div>\n\t\t\t\t<\/div>\n\t\t\t\t\t<\/div>\n\t\t\t\t<\/div>\n\t\t\t\t<\/div>","protected":false},"excerpt":{"rendered":"<p>Impressum Verantwortliche Instanz:Lebang Gastro AGH\u00f6heweg 563800 InterlakenSchweizE-Mail: info@schuh-interlaken.ch Vertretungsberechtigte PersonenThomas Michel &#8211; Gesch\u00e4ftsf\u00fchrerSimon Schild &#8211; Stv. Gesch\u00e4ftsf\u00fchrerFranz Amacher &#8211; K\u00fcchenchef Name des Unternehmens: Lebang Gastro AGRegistrationsnummer: CH-092.3.016.166-8Umsatzsteuer-Identifikationsnummer: CHE-110.208.117 MWST HaftungsausschlussDer Autor \u00fcbernimmt keine Gew\u00e4hr f\u00fcr die Richtigkeit, Genauigkeit, Aktualit\u00e4t, Zuverl\u00e4ssigkeit und Vollst\u00e4ndigkeit der Informationen.Haftungsanspr\u00fcche gegen den Autor wegen Sch\u00e4den materieller oder immaterieller Art, die aus [&hellip;]<\/p>\n","protected":false},"author":1,"featured_media":0,"parent":0,"menu_order":0,"comment_status":"closed","ping_status":"closed","template":"elementor_header_footer","meta":{"footnotes":""},"class_list":["post-605","page","type-page","status-publish","hentry"],"_links":{"self":[{"href":"https:\/\/schuh-interlaken.ch\/en\/wp-json\/wp\/v2\/pages\/605","targetHints":{"allow":["GET"]}}],"collection":[{"href":"https:\/\/schuh-interlaken.ch\/en\/wp-json\/wp\/v2\/pages"}],"about":[{"href":"https:\/\/schuh-interlaken.ch\/en\/wp-json\/wp\/v2\/types\/page"}],"author":[{"embeddable":true,"href":"https:\/\/schuh-interlaken.ch\/en\/wp-json\/wp\/v2\/users\/1"}],"replies":[{"embeddable":true,"href":"https:\/\/schuh-interlaken.ch\/en\/wp-json\/wp\/v2\/comments?post=605"}],"version-history":[{"count":5,"href":"https:\/\/schuh-interlaken.ch\/en\/wp-json\/wp\/v2\/pages\/605\/revisions"}],"predecessor-version":[{"id":729,"href":"https:\/\/schuh-interlaken.ch\/en\/wp-json\/wp\/v2\/pages\/605\/revisions\/729"}],"wp:attachment":[{"href":"https:\/\/schuh-interlaken.ch\/en\/wp-json\/wp\/v2\/media?parent=605"}],"curies":[{"name":"wp","href":"https:\/\/api.w.org\/{rel}","templated":true}]}}